{"id":99,"date":"2026-02-03T16:30:32","date_gmt":"2026-02-03T15:30:32","guid":{"rendered":"https:\/\/lineatattoo.com\/?post_type=product&#038;p=99"},"modified":"2026-04-01T10:02:23","modified_gmt":"2026-04-01T08:02:23","slug":"crema-after-ink-50-ml","status":"publish","type":"product","link":"https:\/\/lineatattoo.com\/it\/prodotto\/crema-after-ink-50-ml\/","title":{"rendered":"Crema After.Ink"},"content":{"rendered":"<p>Prendersi cura di un tatuaggio nelle fasi successive alla realizzazione \u00e8 essenziale per preservarne la qualit\u00e0, la brillantezza e la definizione nel tempo. Questa crema specifica \u00e8 stata formulata per accompagnare la pelle tatuata durante il normale processo di cura, offrendo idratazione, comfort e protezione quotidiana.<\/p>\n<p>La texture \u00e8 studiata per garantire la massima praticit\u00e0 d\u2019uso: la crema si assorbe rapidamente, non unge e lascia la pelle morbida e vellutata. La sua consistenza leggera la rende facile da applicare e piacevole nell\u2019utilizzo quotidiano.<\/p>\n<p>La formulazione \u00e8 realizzata senza coloranti e senza profumi aggiunti, per offrire un prodotto essenziale, delicato e adatto anche alle pelli pi\u00f9 sensibili.<\/p>\n<p>Ideale per accompagnare la routine di cura del tatuaggio, questa crema aiuta a mantenere la pelle nutrita e in condizioni ottimali, contribuendo a valorizzare nel tempo l\u2019aspetto del tatuaggio.<\/p>\n","protected":false},"excerpt":{"rendered":"<p data-start=\"471\" data-end=\"839\">La sua <strong data-start=\"478\" data-end=\"545\">formula bilanciata con Pantenolo al 2%, Allantoina e Bisabololo<\/strong> \u00e8 stata sviluppata appositamente per rispondere alle esigenze della pelle sottoposta a tatuaggio, contribuendo a mantenerla morbida, elastica e ben idratata. La combinazione di attivi selezionati aiuta a favorire il benessere cutaneo, donando una piacevole sensazione di sollievo e freschezza.<\/p>\n<p data-start=\"841\" data-end=\"1148\">Il <strong data-start=\"844\" data-end=\"857\">Pantenolo<\/strong>, conosciuto anche come <strong data-start=\"881\" data-end=\"899\">Provitamina B5<\/strong>, \u00e8 apprezzato per le sue propriet\u00e0 dermoprotettive e per la sua elevata capacit\u00e0 idratante. Aiuta a mantenere la pelle elastica e nutrita, contribuendo a sostenere il naturale equilibrio cutaneo e a migliorare il comfort della pelle appena tatuata.<\/p>\n<p data-start=\"1150\" data-end=\"1526\">L\u2019<strong data-start=\"1152\" data-end=\"1166\">Allantoina<\/strong>, dalle note propriet\u00e0 lenitive e calmanti, contribuisce a mantenere la pelle morbida e protetta, supportando i naturali processi di rinnovamento dell\u2019epidermide. Il <strong data-start=\"1332\" data-end=\"1346\">Bisabololo<\/strong>, ingrediente noto per le sue propriet\u00e0 addolcenti, aiuta a donare ulteriore comfort, rendendo la crema particolarmente indicata per le pelli sensibili o stressate dal trattamento.<\/p>\n","protected":false},"featured_media":193,"comment_status":"open","ping_status":"closed","template":"","meta":{"_acf_changed":false,"inline_featured_image":false},"product_brand":[],"product_cat":[20],"product_tag":[],"class_list":{"0":"post-99","1":"product","2":"type-product","3":"status-publish","4":"has-post-thumbnail","6":"product_cat-tattoo","8":"first","9":"instock","10":"shipping-taxable","11":"product-type-simple"},"acf":[],"_links":{"self":[{"href":"https:\/\/lineatattoo.com\/it\/wp-json\/wp\/v2\/product\/99","targetHints":{"allow":["GET"]}}],"collection":[{"href":"https:\/\/lineatattoo.com\/it\/wp-json\/wp\/v2\/product"}],"about":[{"href":"https:\/\/lineatattoo.com\/it\/wp-json\/wp\/v2\/types\/product"}],"replies":[{"embeddable":true,"href":"https:\/\/lineatattoo.com\/it\/wp-json\/wp\/v2\/comments?post=99"}],"wp:featuredmedia":[{"embeddable":true,"href":"https:\/\/lineatattoo.com\/it\/wp-json\/wp\/v2\/media\/193"}],"wp:attachment":[{"href":"https:\/\/lineatattoo.com\/it\/wp-json\/wp\/v2\/media?parent=99"}],"wp:term":[{"taxonomy":"product_brand","embeddable":true,"href":"https:\/\/lineatattoo.com\/it\/wp-json\/wp\/v2\/product_brand?post=99"},{"taxonomy":"product_cat","embeddable":true,"href":"https:\/\/lineatattoo.com\/it\/wp-json\/wp\/v2\/product_cat?post=99"},{"taxonomy":"product_tag","embeddable":true,"href":"https:\/\/lineatattoo.com\/it\/wp-json\/wp\/v2\/product_tag?post=99"}],"curies":[{"name":"wp","href":"https:\/\/api.w.org\/{rel}","templated":true}]}}