{"id":790,"date":"2026-03-26T14:40:08","date_gmt":"2026-03-26T13:40:08","guid":{"rendered":"https:\/\/lineatattoo.com\/?post_type=product&#038;p=790"},"modified":"2026-04-14T17:52:00","modified_gmt":"2026-04-14T15:52:00","slug":"vaselina-bianca-pura-100","status":"publish","type":"product","link":"https:\/\/lineatattoo.com\/it\/prodotto\/vaselina-bianca-pura-100\/","title":{"rendered":"Vaselina Bianca pura 100%"},"content":{"rendered":"<p>Di grado Farmaceutico, filante, emolliente, lubrificante ad azione protettiva.<\/p>\n<p>Adatta al termine dell\u2019esecuzione di un tatuaggio. Applicata direttamente sull\u2019area interessata, sia in virt\u00f9 delle sue propriet\u00e0 emollienti, sia in virt\u00f9 della sua capacit\u00e0 di creare un film protettivo in corrispondenza del tattoo. La formazione del film occlusivo \u00e8 molto utile per proteggere la pelle (gi\u00e0 irritata e infiammata) dagli insulti esterni.<\/p>\n","protected":false},"excerpt":{"rendered":"<p>Di grado Farmaceutico, filante, emolliente, lubrificante ad azione protettiva. Adatta al termine dell\u2019esecuzione di un tatuaggio. Applicata direttamente sull\u2019area interessata, sia in virt\u00f9 delle sue propriet\u00e0 emollienti, sia in virt\u00f9&hellip;<\/p>\n","protected":false},"featured_media":1088,"comment_status":"open","ping_status":"closed","template":"","meta":{"_acf_changed":false,"inline_featured_image":false},"product_brand":[],"product_cat":[20],"product_tag":[],"class_list":{"0":"post-790","1":"product","2":"type-product","3":"status-publish","4":"has-post-thumbnail","6":"product_cat-tattoo","8":"first","9":"instock","10":"shipping-taxable","11":"product-type-simple"},"acf":[],"_links":{"self":[{"href":"https:\/\/lineatattoo.com\/it\/wp-json\/wp\/v2\/product\/790","targetHints":{"allow":["GET"]}}],"collection":[{"href":"https:\/\/lineatattoo.com\/it\/wp-json\/wp\/v2\/product"}],"about":[{"href":"https:\/\/lineatattoo.com\/it\/wp-json\/wp\/v2\/types\/product"}],"replies":[{"embeddable":true,"href":"https:\/\/lineatattoo.com\/it\/wp-json\/wp\/v2\/comments?post=790"}],"wp:featuredmedia":[{"embeddable":true,"href":"https:\/\/lineatattoo.com\/it\/wp-json\/wp\/v2\/media\/1088"}],"wp:attachment":[{"href":"https:\/\/lineatattoo.com\/it\/wp-json\/wp\/v2\/media?parent=790"}],"wp:term":[{"taxonomy":"product_brand","embeddable":true,"href":"https:\/\/lineatattoo.com\/it\/wp-json\/wp\/v2\/product_brand?post=790"},{"taxonomy":"product_cat","embeddable":true,"href":"https:\/\/lineatattoo.com\/it\/wp-json\/wp\/v2\/product_cat?post=790"},{"taxonomy":"product_tag","embeddable":true,"href":"https:\/\/lineatattoo.com\/it\/wp-json\/wp\/v2\/product_tag?post=790"}],"curies":[{"name":"wp","href":"https:\/\/api.w.org\/{rel}","templated":true}]}}