{"id":111,"date":"2026-02-05T10:42:23","date_gmt":"2026-02-05T09:42:23","guid":{"rendered":"https:\/\/lineatattoo.com\/?post_type=product&#038;p=111"},"modified":"2026-04-14T17:03:18","modified_gmt":"2026-04-14T15:03:18","slug":"dermo-tonic-100-ml","status":"publish","type":"product","link":"https:\/\/lineatattoo.com\/it\/prodotto\/dermo-tonic-100-ml\/","title":{"rendered":"Dermo.Tonic"},"content":{"rendered":"<p>Durante la realizzazione di un tatuaggio, mantenere la pelle fresca, detersa e in condizioni ottimali \u00e8 fondamentale per garantire comfort al cliente e qualit\u00e0 del risultato finale. Questa soluzione professionale senza alcool \u00e8 stata sviluppata appositamente per rinfrescare e prendersi cura della pelle durante e dopo il trattamento, offrendo una piacevole sensazione di sollievo e benessere.<\/p>\n<p>Grazie alla presenza di principi attivi funzionali accuratamente selezionati, il prodotto aiuta a donare comfort alla pelle stressata dal trattamento, contribuendo a lenire eventuali arrossamenti e sensazioni di irritazione. La sua azione rinfrescante favorisce una pelle visibilmente pi\u00f9 uniforme e curata, rendendolo un valido alleato sia durante la sessione di tatuaggio sia nella fase immediatamente successiva.<\/p>\n<p>Uno dei punti di forza della formulazione \u00e8 la sua capacit\u00e0 di migliorare l\u2019aspetto visivo della pelle a fine seduta. Il prodotto contribuisce infatti a valorizzare la resa estetica del tatuaggio, garantendo una superficie cutanea pi\u00f9 omogenea, luminosa e pronta per una resa fotografica ottimale, ideale per documentare e valorizzare il lavoro dell\u2019artista.<\/p>\n<p>La formula \u00e8 studiata per garantire massima tollerabilit\u00e0 e sicurezza, risultando particolarmente indicata anche per pelli sensibili. La texture leggera e la nebulizzazione uniforme permettono un\u2019applicazione pratica, veloce e professionale, senza lasciare residui o sensazioni appiccicose.<\/p>\n","protected":false},"excerpt":{"rendered":"<p data-start=\"1620\" data-end=\"1813\"><strong data-start=\"1620\" data-end=\"1658\">Caratteristiche della formulazione<\/strong><br \/>\n\u2022 Dermatologicamente testato su pelli sensibili<br data-start=\"1706\" data-end=\"1709\" \/>\u2022 Testato su metalli pesanti quali Nichel, Cromo e Cobalto (&lt;1 ppm)<br data-start=\"1776\" data-end=\"1779\" \/>\u2022 Formula Vegan<br data-start=\"1794\" data-end=\"1797\" \/>\u2022 Senza alcool<\/p>\n<p data-start=\"1815\" data-end=\"2120\"><strong data-start=\"1815\" data-end=\"1833\">Modalit\u00e0 d\u2019uso<\/strong><br data-start=\"1833\" data-end=\"1836\" \/>Nebulizzare il prodotto direttamente sulla zona da trattare oppure su una garza sterile da applicare sull\u2019area interessata. \u00c8 possibile effettuare impacchi da lasciare agire per alcuni minuti durante la realizzazione del tatuaggio o dopo la seduta, in base alle necessit\u00e0 della pelle.<\/p>\n<p data-start=\"2122\" data-end=\"2342\">Ideale per accompagnare il lavoro del professionista e per migliorare l\u2019esperienza del cliente, questo prodotto rappresenta una soluzione pratica ed efficace per mantenere la pelle fresca, uniforme e visibilmente curata.<\/p>\n","protected":false},"featured_media":109,"comment_status":"open","ping_status":"closed","template":"","meta":{"_acf_changed":false,"inline_featured_image":false},"product_brand":[],"product_cat":[20],"product_tag":[],"class_list":{"0":"post-111","1":"product","2":"type-product","3":"status-publish","4":"has-post-thumbnail","6":"product_cat-tattoo","8":"first","9":"instock","10":"shipping-taxable","11":"product-type-simple"},"acf":[],"_links":{"self":[{"href":"https:\/\/lineatattoo.com\/it\/wp-json\/wp\/v2\/product\/111","targetHints":{"allow":["GET"]}}],"collection":[{"href":"https:\/\/lineatattoo.com\/it\/wp-json\/wp\/v2\/product"}],"about":[{"href":"https:\/\/lineatattoo.com\/it\/wp-json\/wp\/v2\/types\/product"}],"replies":[{"embeddable":true,"href":"https:\/\/lineatattoo.com\/it\/wp-json\/wp\/v2\/comments?post=111"}],"wp:featuredmedia":[{"embeddable":true,"href":"https:\/\/lineatattoo.com\/it\/wp-json\/wp\/v2\/media\/109"}],"wp:attachment":[{"href":"https:\/\/lineatattoo.com\/it\/wp-json\/wp\/v2\/media?parent=111"}],"wp:term":[{"taxonomy":"product_brand","embeddable":true,"href":"https:\/\/lineatattoo.com\/it\/wp-json\/wp\/v2\/product_brand?post=111"},{"taxonomy":"product_cat","embeddable":true,"href":"https:\/\/lineatattoo.com\/it\/wp-json\/wp\/v2\/product_cat?post=111"},{"taxonomy":"product_tag","embeddable":true,"href":"https:\/\/lineatattoo.com\/it\/wp-json\/wp\/v2\/product_tag?post=111"}],"curies":[{"name":"wp","href":"https:\/\/api.w.org\/{rel}","templated":true}]}}