{"id":768,"date":"2026-03-23T17:48:34","date_gmt":"2026-03-23T16:48:34","guid":{"rendered":"https:\/\/lineatattoo.com\/?page_id=768"},"modified":"2026-04-01T10:47:15","modified_gmt":"2026-04-01T08:47:15","slug":"candidatura","status":"publish","type":"page","link":"https:\/\/lineatattoo.com\/it\/candidatura\/","title":{"rendered":"Candidatura"},"content":{"rendered":"<div class=\"wpb-content-wrapper\"><p>[vc_row full_width=\u00bbstretch_row_content_no_spaces\u00bb parallax=\u00bbcontent-moving-fade\u00bb parallax_image=\u00bb598&#8243;][vc_column css_animation=\u00bbfadeIn\u00bb css=\u00bb.vc_custom_1772547447658{padding-top: 50px !important;padding-right: 50px !important;padding-bottom: 50px !important;padding-left: 50px !important;}\u00bb]<div class=\"konte-empty-space \" aria-hidden=\"true\"><div class=\"konte-empty-space__xs visible-xs\" style=\"height:30px\"><\/div><div class=\"konte-empty-space__sm visible-sm\" style=\"height:\"><\/div><div class=\"konte-empty-space__md visible-md\" style=\"height:50px\"><\/div><div class=\"konte-empty-space__lg visible-lg\" style=\"height:200px\"><\/div><\/div>[vc_column_text css_animation=\u00bbfadeInUp\u00bb css=\u00bb\u00bb]<span style=\"font-family: lt; font-size: 10pt; letter-spacing: 1px;\">LINEA TATTOO<\/span>[\/vc_column_text][vc_column_text css_animation=\u00bbfadeInUp\u00bb css=\u00bb\u00bb]<\/p>\n<h1><span style=\"color: #333333;\">Candidatura<\/span><\/h1>\n<p>[\/vc_column_text][\/vc_column][\/vc_row][vc_row full_width=\u00bbstretch_row_content\u00bb equal_height=\u00bbyes\u00bb content_placement=\u00bbtop\u00bb min_height=\u00bb300px\u00bb css=\u00bb.vc_custom_1775033191529{background-color: #1C1C1C !important;}\u00bb][vc_column width=\u00bb2\/3&#8243; el_class=\u00bbcol-abs-bottom\u00bb css=\u00bb.vc_custom_1775032901277{padding: 50px !important;background-color: #DCD6CD !important;}\u00bb]\n<div class=\"wpcf7 no-js\" id=\"wpcf7-f770-o1\" lang=\"it-IT\" dir=\"ltr\" data-wpcf7-id=\"770\">\n<div class=\"screen-reader-response\"><p role=\"status\" aria-live=\"polite\" aria-atomic=\"true\"><\/p> <ul><\/ul><\/div>\n<form action=\"\/it\/wp-json\/wp\/v2\/pages\/768#wpcf7-f770-o1\" method=\"post\" class=\"wpcf7-form init\" aria-label=\"Modulo di contatto\" novalidate=\"novalidate\" data-status=\"init\">\n<fieldset class=\"hidden-fields-container\"><input type=\"hidden\" name=\"_wpcf7\" value=\"770\" \/><input type=\"hidden\" name=\"_wpcf7_version\" value=\"6.1.5\" \/><input type=\"hidden\" name=\"_wpcf7_locale\" value=\"it_IT\" \/><input type=\"hidden\" name=\"_wpcf7_unit_tag\" value=\"wpcf7-f770-o1\" \/><input type=\"hidden\" name=\"_wpcf7_container_post\" value=\"0\" \/><input type=\"hidden\" name=\"_wpcf7_posted_data_hash\" value=\"\" \/>\n<\/fieldset>\n<p><label> Cognome e nome:<br \/>\n<span class=\"wpcf7-form-control-wrap\" data-name=\"your-name\"><input size=\"40\" maxlength=\"400\" class=\"wpcf7-form-control wpcf7-text wpcf7-validates-as-required\" autocomplete=\"nome\" aria-required=\"true\" aria-invalid=\"false\" value=\"\" type=\"text\" name=\"your-name\" \/><\/span> <\/label>\n<\/p>\n<p><label> Azienda:<br \/>\n<span class=\"wpcf7-form-control-wrap\" data-name=\"your-azienda\"><input size=\"40\" maxlength=\"400\" class=\"wpcf7-form-control wpcf7-text wpcf7-validates-as-required\" autocomplete=\"azienda\" aria-required=\"true\" aria-invalid=\"false\" value=\"\" type=\"text\" name=\"your-azienda\" \/><\/span> <\/label>\n<\/p>\n<p><label> E-mail:<br \/>\n<span class=\"wpcf7-form-control-wrap\" data-name=\"your-email\"><input size=\"40\" maxlength=\"400\" class=\"wpcf7-form-control wpcf7-email wpcf7-validates-as-required wpcf7-text wpcf7-validates-as-email\" autocomplete=\"email\" aria-required=\"true\" aria-invalid=\"false\" value=\"\" type=\"email\" name=\"your-email\" \/><\/span> <\/label>\n<\/p>\n<p><label> Telefono:<br \/>\n<span class=\"wpcf7-form-control-wrap\" data-name=\"tel-101\"><input size=\"40\" maxlength=\"400\" class=\"wpcf7-form-control wpcf7-tel wpcf7-validates-as-required wpcf7-text wpcf7-validates-as-tel\" autocomplete=\"telefono\" aria-required=\"true\" aria-invalid=\"false\" value=\"\" type=\"tel\" name=\"tel-101\" \/><\/span> <\/label>\n<\/p>\n<p><label> Il tuo messaggio (facoltativo)<br \/>\n<span class=\"wpcf7-form-control-wrap\" data-name=\"your-message\"><textarea cols=\"40\" rows=\"10\" maxlength=\"2000\" class=\"wpcf7-form-control wpcf7-textarea\" aria-invalid=\"false\" name=\"your-message\"><\/textarea><\/span> <\/label>\n<\/p>\n<p><input class=\"wpcf7-form-control wpcf7-submit has-spinner\" type=\"submit\" value=\"Invia\" \/>\n<\/p><div class=\"wpcf7-response-output\" aria-hidden=\"true\"><\/div>\n<\/form>\n<\/div>\n[\/vc_column][vc_column width=\u00bb1\/3&#8243; css=\u00bb.vc_custom_1772548628504{padding-top: 50px !important;padding-right: 70px !important;padding-bottom: 50px !important;padding-left: 50px !important;background-position: center !important;background-repeat: no-repeat !important;background-size: cover !important;}\u00bb offset=\u00bbvc_hidden-xs\u00bb][vc_column_text css_animation=\u00bbfadeIn\u00bb css=\u00bb\u00bb]<\/p>\n<p style=\"line-height: 20pt; text-align: justify;\"><span style=\"color: #ffffff; font-size: 12pt;\">Linea Tattoo continua a espandere la propria rete internazionale di distributori selezionati, per offrire qualit\u00e0, assistenza dedicata e continuit\u00e0 nella disponibilit\u00e0 dei prodotti.<\/span><\/p>\n<p><span style=\"color: #ffffff;\">Se vuoi entrare a far parte del network distributivo del brand, compila il form per inviare la tua candidatura.<\/span>[\/vc_column_text][\/vc_column][\/vc_row]<\/p>\n<\/div>","protected":false},"excerpt":{"rendered":"<p>[vc_row full_width=\u00bbstretch_row_content_no_spaces\u00bb parallax=\u00bbcontent-moving-fade\u00bb parallax_image=\u00bb598&#8243;][vc_column css_animation=\u00bbfadeIn\u00bb css=\u00bb.vc_custom_1772547447658{padding-top: 50px !important;padding-right: 50px !important;padding-bottom: 50px !important;padding-left: 50px !important;}\u00bb][vc_column_text css_animation=\u00bbfadeInUp\u00bb css=\u00bb\u00bb]LINEA TATTOO[\/vc_column_text][vc_column_text css_animation=\u00bbfadeInUp\u00bb css=\u00bb\u00bb] Candidatura [\/vc_column_text][\/vc_column][\/vc_row][vc_row full_width=\u00bbstretch_row_content\u00bb equal_height=\u00bbyes\u00bb content_placement=\u00bbtop\u00bb min_height=\u00bb300px\u00bb css=\u00bb.vc_custom_1775033191529{background-color: #1C1C1C !important;}\u00bb][vc_column width=\u00bb2\/3&#8243; el_class=\u00bbcol-abs-bottom\u00bb&hellip;<\/p>\n","protected":false},"author":1,"featured_media":0,"parent":0,"menu_order":0,"comment_status":"closed","ping_status":"closed","template":"","meta":{"_acf_changed":false,"inline_featured_image":false,"footnotes":""},"class_list":["post-768","page","type-page","status-publish","hentry"],"acf":[],"_links":{"self":[{"href":"https:\/\/lineatattoo.com\/it\/wp-json\/wp\/v2\/pages\/768","targetHints":{"allow":["GET"]}}],"collection":[{"href":"https:\/\/lineatattoo.com\/it\/wp-json\/wp\/v2\/pages"}],"about":[{"href":"https:\/\/lineatattoo.com\/it\/wp-json\/wp\/v2\/types\/page"}],"author":[{"embeddable":true,"href":"https:\/\/lineatattoo.com\/it\/wp-json\/wp\/v2\/users\/1"}],"replies":[{"embeddable":true,"href":"https:\/\/lineatattoo.com\/it\/wp-json\/wp\/v2\/comments?post=768"}],"version-history":[{"count":10,"href":"https:\/\/lineatattoo.com\/it\/wp-json\/wp\/v2\/pages\/768\/revisions"}],"predecessor-version":[{"id":1383,"href":"https:\/\/lineatattoo.com\/it\/wp-json\/wp\/v2\/pages\/768\/revisions\/1383"}],"wp:attachment":[{"href":"https:\/\/lineatattoo.com\/it\/wp-json\/wp\/v2\/media?parent=768"}],"curies":[{"name":"wp","href":"https:\/\/api.w.org\/{rel}","templated":true}]}}