{"id":583,"date":"2026-03-04T16:19:26","date_gmt":"2026-03-04T15:19:26","guid":{"rendered":"https:\/\/lineatattoo.com\/?page_id=583"},"modified":"2026-04-15T08:31:09","modified_gmt":"2026-04-15T06:31:09","slug":"distributori","status":"publish","type":"page","link":"https:\/\/lineatattoo.com\/it\/distributori\/","title":{"rendered":"Distributori"},"content":{"rendered":"<div class=\"wpb-content-wrapper\"><p>[vc_row full_width=\u00bbstretch_row_content\u00bb equal_height=\u00bbyes\u00bb content_placement=\u00bbmiddle\u00bb css=\u00bb.vc_custom_1775028060241{background-color: #EAEAEA !important;}\u00bb][vc_column css=\u00bb.vc_custom_1774284996208{padding: 50px !important;}\u00bb][vc_column_text css_animation=\u00bbfadeInUp\u00bb css=\u00bb\u00bb]<\/p>\n<h1><span style=\"color: #333333;\">Distributori<\/span><\/h1>\n<p>[\/vc_column_text][vc_column_text css_animation=\u00bbfadeInUp\u00bb css=\u00bb\u00bb]<span style=\"font-family: lt; font-size: 10pt; letter-spacing: 1px;\">LINEA TATTOO<\/span>[\/vc_column_text][vc_column_text css=\u00bb\u00bb]<div id=\"wpgmza_map_1\" class=\"wpgmza_map wpgmza-auto-left\" style=\"display:block;width:100%;height:551px;overflow:hidden;position:relative;\" data-map-id=\"1\" data-maps-engine=\"google-maps\" data-build-engine=\"atlas-novus\" data-shortcode-attributes=\"{&quot;id&quot;:&quot;1&quot;,&quot;zoom&quot;:false,&quot;width&quot;:false,&quot;height&quot;:false,&quot;marker&quot;:false,&quot;classname&quot;:false}\" data-settings=\"{&quot;map_title&quot;:&quot;La mia prima mappa&quot;,&quot;map_width&quot;:&quot;100&quot;,&quot;map_height&quot;:&quot;551&quot;,&quot;map_start_lat&quot;:&quot;42.328495714990765&quot;,&quot;map_start_lng&quot;:&quot;15.24867115712823&quot;,&quot;map_start_location&quot;:&quot;45.950464398418106,-109.81550500000003&quot;,&quot;map_start_zoom&quot;:&quot;6&quot;,&quot;default_marker&quot;:&quot;&quot;,&quot;type&quot;:&quot;1&quot;,&quot;alignment&quot;:&quot;4&quot;,&quot;directions_enabled&quot;:&quot;0&quot;,&quot;styling_enabled&quot;:&quot;0&quot;,&quot;styling_json&quot;:&quot;&quot;,&quot;active&quot;:&quot;0&quot;,&quot;kml&quot;:&quot;&quot;,&quot;bicycle&quot;:&quot;0&quot;,&quot;traffic&quot;:&quot;0&quot;,&quot;dbox&quot;:&quot;0&quot;,&quot;dbox_width&quot;:&quot;&quot;,&quot;listmarkers&quot;:&quot;0&quot;,&quot;listmarkers_advanced&quot;:&quot;0&quot;,&quot;filterbycat&quot;:&quot;0&quot;,&quot;ugm_enabled&quot;:&quot;0&quot;,&quot;ugm_category_enabled&quot;:&quot;0&quot;,&quot;fusion&quot;:&quot;&quot;,&quot;map_width_type&quot;:&quot;%&quot;,&quot;map_height_type&quot;:&quot;px&quot;,&quot;mass_marker_support&quot;:&quot;0&quot;,&quot;ugm_access&quot;:&quot;0&quot;,&quot;order_markers_by&quot;:&quot;0&quot;,&quot;order_markers_choice&quot;:&quot;0&quot;,&quot;show_user_location&quot;:&quot;0&quot;,&quot;default_to&quot;:&quot;&quot;,&quot;map_type&quot;:1,&quot;sl_stroke_color&quot;:&quot;&quot;,&quot;sl_fill_color&quot;:&quot;&quot;,&quot;sl_stroke_opacity&quot;:&quot;&quot;,&quot;sl_fill_opacity&quot;:&quot;&quot;,&quot;transport_layer&quot;:false,&quot;action&quot;:&quot;wpgmza_save_map&quot;,&quot;redirect_to&quot;:&quot;\\\/wp-admin\\\/admin-post.php&quot;,&quot;map_id&quot;:&quot;1&quot;,&quot;wpgmza_savemap&quot;:&quot;Save Map&quot;,&quot;http_referer&quot;:&quot;\\\/wp-admin\\\/admin.php?page=wp-google-maps-menu&amp;amp;action=edit&amp;amp;map_id=1&quot;,&quot;wpgmza_id&quot;:&quot;1&quot;,&quot;wpgmza_start_location&quot;:&quot;42.328495714990765,15.24867115712823&quot;,&quot;wpgmza_start_zoom&quot;:&quot;6&quot;,&quot;wpgmza_map_align&quot;:&quot;1&quot;,&quot;store_locator_enabled&quot;:false,&quot;store_locator_distance&quot;:false,&quot;store_locator_search_area&quot;:&quot;radial&quot;,&quot;wpgmza_store_locator_default_radius&quot;:&quot;10&quot;,&quot;store_locator_auto_area_max_zoom&quot;:&quot;&quot;,&quot;wpgmza_store_locator_radius_style&quot;:&quot;legacy&quot;,&quot;store_locator_component_anchor&quot;:&quot;0&quot;,&quot;store_locator_button_style&quot;:&quot;&quot;,&quot;wpgmza_store_locator_bounce&quot;:false,&quot;wpgmza_sl_animation&quot;:null,&quot;store_locator_query_string&quot;:&quot;&quot;,&quot;store_locator_location_placeholder&quot;:&quot;&quot;,&quot;store_locator_default_address&quot;:&quot;&quot;,&quot;store_locator_name_search&quot;:false,&quot;store_locator_name_string&quot;:&quot;&quot;,&quot;store_locator_not_found_message&quot;:&quot;&quot;,&quot;store_locator_show_distance&quot;:false,&quot;store_locator_category&quot;:false,&quot;wpgmza_store_locator_use_their_location&quot;:false,&quot;wpgmza_store_locator_hide_before_search&quot;:false,&quot;store_locator_nearby_searches&quot;:false,&quot;wpgmza_ol_tile_filter&quot;:&quot;contrast(100%) invert(100%) saturate(1%)&quot;,&quot;wpgmza_theme_data&quot;:&quot;[{\\&quot;featureType\\&quot;:\\&quot;all\\&quot;,\\&quot;elementType\\&quot;:\\&quot;labels.text.fill\\&quot;,\\&quot;stylers\\&quot;:[{\\&quot;saturation\\&quot;:36},{\\&quot;color\\&quot;:\\&quot;#000000\\&quot;},{\\&quot;lightness\\&quot;:40}]},{\\&quot;featureType\\&quot;:\\&quot;all\\&quot;,\\&quot;elementType\\&quot;:\\&quot;labels.text.stroke\\&quot;,\\&quot;stylers\\&quot;:[{\\&quot;visibility\\&quot;:\\&quot;on\\&quot;},{\\&quot;color\\&quot;:\\&quot;#000000\\&quot;},{\\&quot;lightness\\&quot;:16}]},{\\&quot;featureType\\&quot;:\\&quot;all\\&quot;,\\&quot;elementType\\&quot;:\\&quot;labels.icon\\&quot;,\\&quot;stylers\\&quot;:[{\\&quot;visibility\\&quot;:\\&quot;off\\&quot;}]},{\\&quot;featureType\\&quot;:\\&quot;administrative\\&quot;,\\&quot;elementType\\&quot;:\\&quot;geometry.fill\\&quot;,\\&quot;stylers\\&quot;:[{\\&quot;color\\&quot;:\\&quot;#000000\\&quot;},{\\&quot;lightness\\&quot;:20}]},{\\&quot;featureType\\&quot;:\\&quot;administrative\\&quot;,\\&quot;elementType\\&quot;:\\&quot;geometry.stroke\\&quot;,\\&quot;stylers\\&quot;:[{\\&quot;color\\&quot;:\\&quot;#000000\\&quot;},{\\&quot;lightness\\&quot;:17},{\\&quot;weight\\&quot;:1.2}]},{\\&quot;featureType\\&quot;:\\&quot;landscape\\&quot;,\\&quot;elementType\\&quot;:\\&quot;geometry\\&quot;,\\&quot;stylers\\&quot;:[{\\&quot;color\\&quot;:\\&quot;#000000\\&quot;},{\\&quot;lightness\\&quot;:20}]},{\\&quot;featureType\\&quot;:\\&quot;poi\\&quot;,\\&quot;elementType\\&quot;:\\&quot;geometry\\&quot;,\\&quot;stylers\\&quot;:[{\\&quot;color\\&quot;:\\&quot;#000000\\&quot;},{\\&quot;lightness\\&quot;:21}]},{\\&quot;featureType\\&quot;:\\&quot;road.highway\\&quot;,\\&quot;elementType\\&quot;:\\&quot;geometry.fill\\&quot;,\\&quot;stylers\\&quot;:[{\\&quot;color\\&quot;:\\&quot;#000000\\&quot;},{\\&quot;lightness\\&quot;:17}]},{\\&quot;featureType\\&quot;:\\&quot;road.highway\\&quot;,\\&quot;elementType\\&quot;:\\&quot;geometry.stroke\\&quot;,\\&quot;stylers\\&quot;:[{\\&quot;color\\&quot;:\\&quot;#000000\\&quot;},{\\&quot;lightness\\&quot;:29},{\\&quot;weight\\&quot;:0.2}]},{\\&quot;featureType\\&quot;:\\&quot;road.arterial\\&quot;,\\&quot;elementType\\&quot;:\\&quot;geometry\\&quot;,\\&quot;stylers\\&quot;:[{\\&quot;color\\&quot;:\\&quot;#000000\\&quot;},{\\&quot;lightness\\&quot;:18}]},{\\&quot;featureType\\&quot;:\\&quot;road.local\\&quot;,\\&quot;elementType\\&quot;:\\&quot;geometry\\&quot;,\\&quot;stylers\\&quot;:[{\\&quot;color\\&quot;:\\&quot;#000000\\&quot;},{\\&quot;lightness\\&quot;:16}]},{\\&quot;featureType\\&quot;:\\&quot;transit\\&quot;,\\&quot;elementType\\&quot;:\\&quot;geometry\\&quot;,\\&quot;stylers\\&quot;:[{\\&quot;color\\&quot;:\\&quot;#000000\\&quot;},{\\&quot;lightness\\&quot;:19}]},{\\&quot;featureType\\&quot;:\\&quot;water\\&quot;,\\&quot;elementType\\&quot;:\\&quot;geometry\\&quot;,\\&quot;stylers\\&quot;:[{\\&quot;color\\&quot;:\\&quot;#000000\\&quot;},{\\&quot;lightness\\&quot;:17}]}]&quot;,&quot;custom_tile_enabled&quot;:false,&quot;custom_tile_image&quot;:&quot;&quot;,&quot;custom_tile_image_width&quot;:&quot;&quot;,&quot;custom_tile_image_height&quot;:&quot;&quot;,&quot;custom_tile_image_attribution&quot;:&quot;&quot;,&quot;iw_anchor_panel_card&quot;:null,&quot;iw_primary_color&quot;:&quot;#000000&quot;,&quot;iw_accent_color&quot;:&quot;#000000&quot;,&quot;iw_text_color&quot;:&quot;#000000&quot;,&quot;close_infowindow_on_map_click&quot;:false,&quot;marker_share_links&quot;:false,&quot;wpgmza_listmarkers_by&quot;:&quot;0&quot;,&quot;marker_listing_component_anchor&quot;:null,&quot;marker_listing_component_auto_open&quot;:false,&quot;marker_listing_nudge_marker_center&quot;:false,&quot;marker_listing_nudge_x&quot;:&quot;&quot;,&quot;marker_listing_nudge_y&quot;:&quot;&quot;,&quot;category_filter_component_anchor&quot;:null,&quot;category_filter_label_string&quot;:&quot;&quot;,&quot;zoom_level_on_marker_listing_override&quot;:false,&quot;zoom_level_on_marker_listing_click&quot;:&quot;&quot;,&quot;marker_listing_disable_zoom&quot;:false,&quot;dataTable_pagination_style&quot;:null,&quot;datatable_no_result_message&quot;:&quot;&quot;,&quot;remove_search_box_datables&quot;:false,&quot;datatable_search_string&quot;:&quot;&quot;,&quot;datatable_result_start&quot;:&quot;&quot;,&quot;datatable_result_of&quot;:&quot;&quot;,&quot;datatable_result_to&quot;:&quot;&quot;,&quot;datatable_result_total&quot;:&quot;&quot;,&quot;datatable_result_show&quot;:&quot;&quot;,&quot;datatable_result_entries&quot;:&quot;&quot;,&quot;category_legends_enabled&quot;:false,&quot;category_legends_component_anchor&quot;:null,&quot;category_legends_style&quot;:null,&quot;category_legends_label_string&quot;:&quot;&quot;,&quot;jump_to_nearest_marker_on_initialization&quot;:false,&quot;click_open_link&quot;:false,&quot;wpgmza_zoom_on_marker_click&quot;:false,&quot;wpgmza_zoom_on_marker_click_slider&quot;:&quot;&quot;,&quot;enable_marker_labels&quot;:false,&quot;polygon_labels&quot;:false,&quot;disable_polygon_info_windows&quot;:false,&quot;shape_filtering&quot;:false,&quot;fit_maps_bounds_to_markers&quot;:false,&quot;fit_maps_bounds_to_markers_after_filtering&quot;:false,&quot;restrict_map_bounds&quot;:false,&quot;restrict_boundary_corner_a&quot;:&quot;&quot;,&quot;restrict_boundary_corner_b&quot;:&quot;&quot;,&quot;automatically_pan_to_users_location&quot;:false,&quot;enable_user_location_control&quot;:false,&quot;override_users_location_zoom_level&quot;:false,&quot;override_users_location_zoom_levels&quot;:&quot;&quot;,&quot;show_distance_from_location&quot;:false,&quot;map_starts_in_streetview&quot;:false,&quot;map_starts_in_streetview_location&quot;:&quot;&quot;,&quot;map_starts_in_streetview_heading&quot;:&quot;&quot;,&quot;map_starts_in_streetview_pitch&quot;:&quot;&quot;,&quot;map_max_zoom&quot;:&quot;21&quot;,&quot;map_min_zoom&quot;:&quot;0&quot;,&quot;disable_lightbox_images&quot;:false,&quot;use_Raw_Jpeg_Coordinates&quot;:false,&quot;enable_marker_ratings&quot;:false,&quot;enable_map_reset_control&quot;:false,&quot;zoom_level_mobile_override_enabled&quot;:false,&quot;zoom_level_mobile_override&quot;:&quot;&quot;,&quot;map_dimensions_mobile_override_enabled&quot;:false,&quot;map_mobile_width&quot;:&quot;100&quot;,&quot;map_mobile_width_type&quot;:&quot;%&quot;,&quot;map_mobile_height&quot;:&quot;200&quot;,&quot;map_mobile_height_type&quot;:&quot;px&quot;,&quot;lazyload_info_window_content&quot;:false,&quot;only_load_markers_within_viewport&quot;:false,&quot;wpgmza_leaflet_tile_filter&quot;:&quot;none&quot;,&quot;wpgmza_theme&quot;:&quot;6&quot;,&quot;hide_point_of_interest&quot;:false,&quot;id&quot;:1}\" ><\/div>[\/vc_column_text]<div class=\"konte-empty-space \" aria-hidden=\"true\"><div class=\"konte-empty-space__xs visible-xs\" style=\"height:30px\"><\/div><div class=\"konte-empty-space__sm visible-sm\" style=\"height:\"><\/div><div class=\"konte-empty-space__md visible-md\" style=\"height:50px\"><\/div><div class=\"konte-empty-space__lg visible-lg\" style=\"height:60px\"><\/div><\/div>[vc_column_text css=\u00bb\u00bb]<\/p>\n<h2>Italia<\/h2>\n<div id=\"gtx-trans\" style=\"position: absolute; left: -171px; top: -9px;\">\n<div class=\"gtx-trans-icon\"><\/div>\n<\/div>\n<p>[\/vc_column_text][vc_row_inner][vc_column_inner width=\u00bb1\/3&#8243;][vc_column_text css=\u00bb\u00bb]<\/p>\n<p class=\"m_-6897277755286894021MsoListParagraph\"><strong>FOREVER INK TATTOO SUPPLY<\/strong><\/p>\n<p>VIA ARMANDO DIAZ 3<br \/>\n80051 Agerola (NA)<\/p>\n<p><u><\/u><u><\/u><a style=\"color: black;\" href=\"https:\/\/foreverinktattoosupply.com\" target=\"_blank\" rel=\"noopener\">foreverinktattoosupply.<wbr \/>com<\/a><br \/>\ninfo@foreverinktattoosupply.<wbr \/>com<\/p>\n<div id=\"gtx-trans\" style=\"position: absolute; left: 158px; top: 110px;\">\n<div class=\"gtx-trans-icon\"><\/div>\n<\/div>\n<p>[\/vc_column_text][\/vc_column_inner][vc_column_inner width=\u00bb1\/3&#8243;][vc_column_text css=\u00bb\u00bb]<strong>Arezzo Ink<br \/>\n<\/strong><br \/>\nVIA DELL&#8217;ORTO 28<br \/>\n52100 Arezzo (AR)<\/p>\n<p>d.piciocchi@gmail.com[\/vc_column_text][\/vc_column_inner][vc_column_inner width=\u00bb1\/3&#8243;][\/vc_column_inner][\/vc_row_inner][\/vc_column][\/vc_row][vc_row full_width=\u00bbstretch_row_content\u00bb equal_height=\u00bbyes\u00bb content_placement=\u00bbmiddle\u00bb css=\u00bb.vc_custom_1775028102685{background-color: #1C1C1C !important;}\u00bb][vc_column width=\u00bb3\/4&#8243; el_class=\u00bbcol-abs-bottom\u00bb css=\u00bb.vc_custom_1772550119972{padding-top: 50px !important;padding-right: 50px !important;padding-bottom: 30px !important;padding-left: 50px !important;background-color: #1C1C1C !important;}\u00bb][vc_column_text css_animation=\u00bbfadeIn\u00bb css=\u00bb\u00bb]<\/p>\n<p style=\"line-height: 20pt; text-align: justify;\"><span style=\"color: #ffffff; font-size: 12pt;\"><strong>Linea Tattoo<\/strong> \u00e8 in continua espansione: stiamo costruendo una rete internazionale di rivenditori selezionati per garantire qualit\u00e0, assistenza e disponibilit\u00e0 costante dei prodotti. Se non trovi ancora un distributore nella tua zona, torna a trovarci: la mappa viene aggiornata regolarmente.<\/span><\/p>\n<p>[\/vc_column_text][\/vc_column][\/vc_row][vc_row full_width=\u00bbstretch_row_content\u00bb equal_height=\u00bbyes\u00bb min_height=\u00bb600px\u00bb][vc_column width=\u00bb1\/2&#8243; el_class=\u00bbcol-abs-bottom\u00bb css=\u00bb.vc_custom_1770384667494{padding-top: 50px !important;padding-right: 50px !important;padding-bottom: 70px !important;padding-left: 50px !important;background-color: #FFFFFF !important;}\u00bb][vc_column_text css_animation=\u00bbfadeInUp\u00bb css=\u00bb\u00bb]<span style=\"font-family: lt; font-size: 10pt; letter-spacing: 1px; color: #000000;\">LINEA TATTOO<\/span>[\/vc_column_text][vc_column_text css_animation=\u00bbfadeInUp\u00bb css=\u00bb\u00bb]<\/p>\n<h1>Vuoi diventare<br \/>\nun nostro<br \/>\ndistributore?<\/h1>\n<p>[\/vc_column_text][vc_column_text css_animation=\u00bbfadeIn\u00bb css=\u00bb.vc_custom_1775032735359{padding-bottom: 30px !important;padding-left: 50px !important;}\u00bb el_class=\u00bbabs-bottom\u00bb]<span style=\"font-size: 12pt; color: #000000;\">Candidati come partner e contribuisci alla crescita di <strong>Linea Tattoo<\/strong> nel mondo.<\/span>[\/vc_column_text][\/vc_column][vc_column width=\u00bb1\/2&#8243; css=\u00bb.vc_custom_1775032798572{padding-top: 60px !important;padding-right: 60px !important;padding-bottom: 60px !important;padding-left: 60px !important;background-color: #DCD6CD !important;background-position: center !important;background-repeat: no-repeat !important;background-size: cover !important;}\u00bb]\n<div class=\"wpcf7 no-js\" id=\"wpcf7-f770-o1\" lang=\"it-IT\" dir=\"ltr\" data-wpcf7-id=\"770\">\n<div class=\"screen-reader-response\"><p role=\"status\" aria-live=\"polite\" aria-atomic=\"true\"><\/p> <ul><\/ul><\/div>\n<form action=\"\/it\/wp-json\/wp\/v2\/pages\/583#wpcf7-f770-o1\" method=\"post\" class=\"wpcf7-form init\" aria-label=\"Modulo di contatto\" novalidate=\"novalidate\" data-status=\"init\">\n<fieldset class=\"hidden-fields-container\"><input type=\"hidden\" name=\"_wpcf7\" value=\"770\" \/><input type=\"hidden\" name=\"_wpcf7_version\" value=\"6.1.5\" \/><input type=\"hidden\" name=\"_wpcf7_locale\" value=\"it_IT\" \/><input type=\"hidden\" name=\"_wpcf7_unit_tag\" value=\"wpcf7-f770-o1\" \/><input type=\"hidden\" name=\"_wpcf7_container_post\" value=\"0\" \/><input type=\"hidden\" name=\"_wpcf7_posted_data_hash\" value=\"\" \/>\n<\/fieldset>\n<p><label> Cognome e nome:<br \/>\n<span class=\"wpcf7-form-control-wrap\" data-name=\"your-name\"><input size=\"40\" maxlength=\"400\" class=\"wpcf7-form-control wpcf7-text wpcf7-validates-as-required\" autocomplete=\"nome\" aria-required=\"true\" aria-invalid=\"false\" value=\"\" type=\"text\" name=\"your-name\" \/><\/span> <\/label>\n<\/p>\n<p><label> Azienda:<br \/>\n<span class=\"wpcf7-form-control-wrap\" data-name=\"your-azienda\"><input size=\"40\" maxlength=\"400\" class=\"wpcf7-form-control wpcf7-text wpcf7-validates-as-required\" autocomplete=\"azienda\" aria-required=\"true\" aria-invalid=\"false\" value=\"\" type=\"text\" name=\"your-azienda\" \/><\/span> <\/label>\n<\/p>\n<p><label> E-mail:<br \/>\n<span class=\"wpcf7-form-control-wrap\" data-name=\"your-email\"><input size=\"40\" maxlength=\"400\" class=\"wpcf7-form-control wpcf7-email wpcf7-validates-as-required wpcf7-text wpcf7-validates-as-email\" autocomplete=\"email\" aria-required=\"true\" aria-invalid=\"false\" value=\"\" type=\"email\" name=\"your-email\" \/><\/span> <\/label>\n<\/p>\n<p><label> Telefono:<br \/>\n<span class=\"wpcf7-form-control-wrap\" data-name=\"tel-101\"><input size=\"40\" maxlength=\"400\" class=\"wpcf7-form-control wpcf7-tel wpcf7-validates-as-required wpcf7-text wpcf7-validates-as-tel\" autocomplete=\"telefono\" aria-required=\"true\" aria-invalid=\"false\" value=\"\" type=\"tel\" name=\"tel-101\" \/><\/span> <\/label>\n<\/p>\n<p><label> Il tuo messaggio (facoltativo)<br \/>\n<span class=\"wpcf7-form-control-wrap\" data-name=\"your-message\"><textarea cols=\"40\" rows=\"10\" maxlength=\"2000\" class=\"wpcf7-form-control wpcf7-textarea\" aria-invalid=\"false\" name=\"your-message\"><\/textarea><\/span> <\/label>\n<\/p>\n<p><input class=\"wpcf7-form-control wpcf7-submit has-spinner\" type=\"submit\" value=\"Invia\" \/>\n<\/p><div class=\"wpcf7-response-output\" aria-hidden=\"true\"><\/div>\n<\/form>\n<\/div>\n[\/vc_column][\/vc_row]<\/p>\n<\/div>","protected":false},"excerpt":{"rendered":"<p>[vc_row full_width=\u00bbstretch_row_content\u00bb equal_height=\u00bbyes\u00bb content_placement=\u00bbmiddle\u00bb css=\u00bb.vc_custom_1775028060241{background-color: #EAEAEA !important;}\u00bb][vc_column css=\u00bb.vc_custom_1774284996208{padding: 50px !important;}\u00bb][vc_column_text css_animation=\u00bbfadeInUp\u00bb css=\u00bb\u00bb] Distributori [\/vc_column_text][vc_column_text css_animation=\u00bbfadeInUp\u00bb css=\u00bb\u00bb]LINEA TATTOO[\/vc_column_text][vc_column_text css=\u00bb\u00bb][\/vc_column_text][vc_column_text css=\u00bb\u00bb] Italia [\/vc_column_text][vc_row_inner][vc_column_inner width=\u00bb1\/3&#8243;][vc_column_text css=\u00bb\u00bb] FOREVER INK TATTOO SUPPLY VIA ARMANDO DIAZ&hellip;<\/p>\n","protected":false},"author":1,"featured_media":0,"parent":0,"menu_order":0,"comment_status":"closed","ping_status":"closed","template":"","meta":{"_acf_changed":false,"inline_featured_image":false,"footnotes":""},"class_list":["post-583","page","type-page","status-publish","hentry"],"acf":[],"_links":{"self":[{"href":"https:\/\/lineatattoo.com\/it\/wp-json\/wp\/v2\/pages\/583","targetHints":{"allow":["GET"]}}],"collection":[{"href":"https:\/\/lineatattoo.com\/it\/wp-json\/wp\/v2\/pages"}],"about":[{"href":"https:\/\/lineatattoo.com\/it\/wp-json\/wp\/v2\/types\/page"}],"author":[{"embeddable":true,"href":"https:\/\/lineatattoo.com\/it\/wp-json\/wp\/v2\/users\/1"}],"replies":[{"embeddable":true,"href":"https:\/\/lineatattoo.com\/it\/wp-json\/wp\/v2\/comments?post=583"}],"version-history":[{"count":39,"href":"https:\/\/lineatattoo.com\/it\/wp-json\/wp\/v2\/pages\/583\/revisions"}],"predecessor-version":[{"id":1551,"href":"https:\/\/lineatattoo.com\/it\/wp-json\/wp\/v2\/pages\/583\/revisions\/1551"}],"wp:attachment":[{"href":"https:\/\/lineatattoo.com\/it\/wp-json\/wp\/v2\/media?parent=583"}],"curies":[{"name":"wp","href":"https:\/\/api.w.org\/{rel}","templated":true}]}}