{"id":514,"date":"2026-03-03T14:09:46","date_gmt":"2026-03-03T13:09:46","guid":{"rendered":"https:\/\/lineatattoo.com\/?page_id=514"},"modified":"2026-04-15T19:04:34","modified_gmt":"2026-04-15T17:04:34","slug":"company","status":"publish","type":"page","link":"https:\/\/lineatattoo.com\/it\/company\/","title":{"rendered":"Company"},"content":{"rendered":"<div class=\"wpb-content-wrapper\"><p>[vc_row full_width=\u00bbstretch_row_content_no_spaces\u00bb parallax=\u00bbcontent-moving-fade\u00bb parallax_image=\u00bb233&#8243;][vc_column css_animation=\u00bbfadeIn\u00bb css=\u00bb.vc_custom_1772552060623{padding-top: 50px !important;padding-right: 50px !important;padding-bottom: 50px !important;padding-left: 50px !important;}\u00bb]<div class=\"konte-empty-space \" aria-hidden=\"true\"><div class=\"konte-empty-space__xs visible-xs\" style=\"height:30px\"><\/div><div class=\"konte-empty-space__sm visible-sm\" style=\"height:\"><\/div><div class=\"konte-empty-space__md visible-md\" style=\"height:50px\"><\/div><div class=\"konte-empty-space__lg visible-lg\" style=\"height:200px\"><\/div><\/div>[vc_column_text css_animation=\u00bbfadeInUp\u00bb css=\u00bb\u00bb]<span style=\"font-family: lt; font-size: 10pt; letter-spacing: 1px; color: #ffffff;\">LINEA TATTOO<\/span>[\/vc_column_text][vc_column_text css_animation=\u00bbfadeInUp\u00bb css=\u00bb\u00bb]<\/p>\n<h1><span style=\"color: #ffffff;\">Company<\/span><\/h1>\n<p>[\/vc_column_text][\/vc_column][\/vc_row][vc_row full_width=\u00bbstretch_row_content\u00bb equal_height=\u00bbyes\u00bb content_placement=\u00bbmiddle\u00bb min_height=\u00bb300px\u00bb css=\u00bb.vc_custom_1772550362612{background-color: #1C1C1C !important;}\u00bb][vc_column width=\u00bb2\/3&#8243; el_class=\u00bbcol-abs-bottom\u00bb css=\u00bb.vc_custom_1772552712765{padding-top: 50px !important;padding-right: 50px !important;padding-bottom: 50px !important;padding-left: 50px !important;background-color: #1C1C1C !important;}\u00bb][vc_column_text css_animation=\u00bbfadeIn\u00bb css=\u00bb.vc_custom_1772552772599{padding-top: 60px !important;padding-bottom: 60px !important;}\u00bb]<span style=\"font-size: 18pt;\"><span style=\"color: #ffffff;\">Olcelli Farmaceutici S.r.l. opera nel settore chimico-farmaceutico e dietetico alimentare da oltre 80 anni con particolare attenzione al settore ospedaliero.<\/span><span style=\"color: #ffffff;\">Nasce come officina galenica nell\u2019immediato dopo guerra ad opera di Mariuccia De Feo col marito Mario e prosegue la propria attivit\u00e0 con il figlio Manlio ed oggi con Maria Elena Olcelli.<\/span><\/span>[\/vc_column_text][vc_column_text css_animation=\u00bbfadeInUp\u00bb css=\u00bb\u00bb]<span style=\"font-family: lt; font-size: 10pt; letter-spacing: 1px; color: #ffffff;\">LINEA TATTOO by Olcelli Farmaceutici<\/span>[\/vc_column_text][\/vc_column][vc_column width=\u00bb1\/3&#8243; css=\u00bb.vc_custom_1772550381361{padding: 50px !important;background-position: center !important;background-repeat: no-repeat !important;background-size: cover !important;}\u00bb offset=\u00bbvc_hidden-xs\u00bb][\/vc_column][\/vc_row][vc_row full_width=\u00bbstretch_row_content_no_spaces\u00bb parallax=\u00bbcontent-moving\u00bb parallax_image=\u00bb428&#8243;][vc_column]<div class=\"konte-empty-space \" aria-hidden=\"true\"><div class=\"konte-empty-space__xs visible-xs\" style=\"height:450px\"><\/div><div class=\"konte-empty-space__sm visible-sm\" style=\"height:\"><\/div><div class=\"konte-empty-space__md visible-md\" style=\"height:600px\"><\/div><div class=\"konte-empty-space__lg visible-lg\" style=\"height:900px\"><\/div><\/div>[\/vc_column][\/vc_row][vc_row full_width=\u00bbstretch_row_content\u00bb equal_height=\u00bbyes\u00bb content_placement=\u00bbmiddle\u00bb min_height=\u00bb500px\u00bb][vc_column width=\u00bb1\/2&#8243; el_class=\u00bbcol-abs-bottom\u00bb css=\u00bb.vc_custom_1772552725892{padding-top: 100px !important;padding-right: 50px !important;padding-bottom: 100px !important;padding-left: 50px !important;background-color: #1C1C1C !important;}\u00bb][vc_column_text css_animation=\u00bbfadeIn\u00bb css=\u00bb\u00bb]<span style=\"font-size: 14pt; color: #ffffff;\">Il connotato familiare della societ\u00e0 ha da sempre consentito ed incoraggiato una politica aziendale dinamica e flessibile sempre volta alla puntuale risposta alle mutevoli esigenze del mercato sia da un punto di vista qualitativo che normativo.<\/span><\/p>\n<p><span style=\"color: #ffffff; font-size: 14pt;\">Il dimensionamento contenuto della struttura organizzativa di Olcelli Farmaceutici consente inoltre la possibilit\u00e0 di rispondere prontamente a specifiche e puntuali richieste dei Clienti.<\/span>[\/vc_column_text][vc_column_text css_animation=\u00bbfadeIn\u00bb css=\u00bb\u00bb]<span style=\"font-size: 14pt; color: #ffffff;\">L\u2019azienda \u00e8 dotata di aree di ripartizione e confezionamento in conformit\u00e0 ai pi\u00f9 elevati standard previsti dalle norme vigenti ed \u00e8 presente nelle strutture ospedaliere di tutto il territorio nazionale con un\u2019ampia gamma di prodotti a proprio marchio.<\/span><\/p>\n<p><span style=\"font-size: 14pt; color: #ffffff;\">La versatilit\u00e0 della struttura e l\u2019elevata conoscenza nel campo alimentare, farmaceutico e chimico, ci permettono di soddisfare le mutevoli esigenze della clientela, permettendoci di realizzare, anche per conto terzi, produzioni dedicate.<\/span>[\/vc_column_text][\/vc_column][vc_column width=\u00bb1\/2&#8243; css=\u00bb.vc_custom_1772552414113{padding-top: 50px !important;padding-right: 50px !important;padding-bottom: 70px !important;padding-left: 50px !important;background-image: url(https:\/\/lineatattoo.com\/wp-content\/uploads\/2026\/02\/sapone-amb-1.jpg?id=145) !important;background-position: center !important;background-repeat: no-repeat !important;background-size: cover !important;}\u00bb el_class=\u00bbcol-abs-bottom\u00bb][\/vc_column][\/vc_row][vc_row full_width=\u00bbstretch_row_content_no_spaces\u00bb equal_height=\u00bbyes\u00bb css=\u00bb.vc_custom_1772637254787{border-top-width: 1px !important;border-right-width: 1px !important;border-bottom-width: 1px !important;border-left-width: 1px !important;border-left-style: solid !important;border-right-style: solid !important;border-top-style: solid !important;border-bottom-style: solid !important;border-color: #000000 !important;}\u00bb el_class=\u00bbrow-eq-height\u00bb min_height=\u00bb600px\u00bb][vc_column width=\u00bb1\/2&#8243; css=\u00bb.vc_custom_1772636921972{border-left-width: 1px !important;background-image: url(https:\/\/lineatattoo.com\/wp-content\/uploads\/2026\/02\/collutorio-020-pattern.jpg?id=142) !important;background-position: center !important;background-repeat: no-repeat !important;background-size: cover !important;border-left-style: solid !important;border-color: #000000 !important;}\u00bb][\/vc_column][vc_column width=\u00bb1\/2&#8243; css=\u00bb.vc_custom_1770384138473{padding-top: 50px !important;padding-right: 50px !important;padding-bottom: 70px !important;padding-left: 50px !important;}\u00bb el_class=\u00bbcol-abs-bottom\u00bb][vc_column_text css_animation=\u00bbfadeInUp\u00bb css=\u00bb\u00bb]<span style=\"font-family: lt; font-size: 10pt; letter-spacing: 1px;\">LINEA TATTOO<\/span>[\/vc_column_text][vc_column_text css_animation=\u00bbfadeInUp\u00bb css=\u00bb\u00bb]<\/p>\n<h1>Mission<\/h1>\n<p>[\/vc_column_text][vc_column_text css_animation=\u00bbfadeIn\u00bb css=\u00bb\u00bb]<span style=\"font-size: 12pt;\">Il nostro impegno \u00e8 offrire soluzioni innovative e di alta qualit\u00e0 per migliorare la vita dei consumatori attraverso l\u2019offerta accessibile di prodotti efficaci, naturali e sostenibili, la formazione e informazione continua e trasparente, l\u2019autenticit\u00e0 e il rispetto della responsabilit\u00e0 sociale d\u2019impresa. <\/span><\/p>\n<p><span style=\"font-size: 12pt;\">Collaboriamo attivamente con i nostri partner in tutto il mondo, mettendo a disposizione il nostro know-how, le nostre risorse e il nostro entusiasmo per trasformare ogni progetto in una storia di successo.<\/span>[\/vc_column_text][vc_btn title=\u00bbScopri i nostri prodotti\u00bb style=\u00bboutline-custom\u00bb outline_custom_color=\u00bb#000000&#8243; outline_custom_hover_background=\u00bb#000000&#8243; size=\u00bbxs\u00bb align=\u00bbleft\u00bb css_animation=\u00bbfadeIn\u00bb css=\u00bb.vc_custom_1776272624895{border-bottom-width: 20px !important;padding-left: 50px !important;}\u00bb link=\u00bburl:https%3A%2F%2Flineatattoo.com%2Fit%2Fprodotti%2F|title:Prodotti\u00bb el_class=\u00bbabs-bottom\u00bb][\/vc_column][\/vc_row][vc_row full_width=\u00bbstretch_row_content\u00bb equal_height=\u00bbyes\u00bb min_height=\u00bb600px\u00bb][vc_column width=\u00bb1\/2&#8243; el_class=\u00bbcol-abs-bottom\u00bb css=\u00bb.vc_custom_1770384242327{padding-top: 50px !important;padding-right: 50px !important;padding-bottom: 70px !important;padding-left: 50px !important;background-color: #1C1C1C !important;}\u00bb][vc_column_text css_animation=\u00bbfadeInUp\u00bb css=\u00bb\u00bb]<span style=\"font-family: lt; font-size: 10pt; letter-spacing: 1px; color: #ffffff;\">LINEA TATTOO<\/span>[\/vc_column_text][vc_column_text css_animation=\u00bbfadeInUp\u00bb css=\u00bb\u00bb]<\/p>\n<h1><span style=\"color: #ffffff;\">Visione<\/span><\/h1>\n<p>[\/vc_column_text][vc_column_text css_animation=\u00bbfadeIn\u00bb css=\u00bb.vc_custom_1772636953719{padding-bottom: 30px !important;}\u00bb]<span style=\"font-size: 12pt; color: #ffffff;\">Vogliamo contribuire a diffondere un modello di benessere accessibile, basato sul rispetto delle persone e della natura, nutrito e diffuso dalla passione, competenza, professionalit\u00e0 e trasparenza.<\/span>[\/vc_column_text][vc_btn title=\u00bbPro Team Linea Tattoo\u00bb style=\u00bboutline-custom\u00bb outline_custom_color=\u00bb#FFFFFF\u00bb outline_custom_hover_background=\u00bb#FFFFFF\u00bb outline_custom_hover_text=\u00bb#000000&#8243; size=\u00bbxs\u00bb align=\u00bbleft\u00bb css_animation=\u00bbfadeIn\u00bb css=\u00bb.vc_custom_1776272640700{border-bottom-width: 20px !important;padding-left: 50px !important;}\u00bb link=\u00bburl:https%3A%2F%2Flineatattoo.com%2Fit%2Fpro-team%2F|title:Prodotti\u00bb el_class=\u00bbabs-bottom\u00bb][\/vc_column][vc_column width=\u00bb1\/2&#8243; css=\u00bb.vc_custom_1770382875701{padding: 20px !important;background-image: url(https:\/\/lineatattoo.com\/wp-content\/uploads\/2026\/02\/atikh-bana-90647.webp?id=233) !important;background-position: center !important;background-repeat: no-repeat !important;background-size: cover !important;}\u00bb][\/vc_column][\/vc_row][vc_row full_width=\u00bbstretch_row_content\u00bb equal_height=\u00bbyes\u00bb min_height=\u00bb600px\u00bb][vc_column width=\u00bb1\/2&#8243; css=\u00bb.vc_custom_1770627863143{padding-top: 20px !important;padding-right: 20px !important;padding-bottom: 20px !important;padding-left: 20px !important;background-image: url(https:\/\/lineatattoo.com\/wp-content\/uploads\/2026\/02\/crema-pantenolo-pattern.png?id=201) !important;background-position: center !important;background-repeat: no-repeat !important;background-size: cover !important;}\u00bb][\/vc_column][vc_column width=\u00bb1\/2&#8243; el_class=\u00bbcol-abs-bottom\u00bb css=\u00bb.vc_custom_1770384667494{padding-top: 50px !important;padding-right: 50px !important;padding-bottom: 70px !important;padding-left: 50px !important;background-color: #FFFFFF !important;}\u00bb][vc_column_text css_animation=\u00bbfadeInUp\u00bb css=\u00bb\u00bb]<span style=\"font-family: lt; font-size: 10pt; letter-spacing: 1px; color: #000000;\">LINEA TATTOO<\/span>[\/vc_column_text][vc_column_text css_animation=\u00bbfadeInUp\u00bb css=\u00bb\u00bb]<\/p>\n<h1>Qualit\u00e0<br \/>\ngarantita<\/h1>\n<p>[\/vc_column_text][vc_column_text css_animation=\u00bbfadeIn\u00bb css=\u00bb.vc_custom_1772532819417{padding-bottom: 30px !important;}\u00bb]<span style=\"font-size: 12pt; color: #000000;\">Linea Tattoo\u00ae \u00e8 un marchio di Olcelli Farmaceutici dedicato alla cura e al mantenimento delle pelli tatuate e dei piercing.<\/span><br \/>\n<span style=\"font-size: 12pt; color: #000000;\">Tutti i prodotti sono ideati, testati e realizzati interamente in italia, seguendo le linee guida GMP (Good Manufacturing Practice), con un sistema di gestione qualit\u00e0 certificato UNI EN ISO 9001:2015.<\/span><br \/>\n<span style=\"font-size: 12pt; color: #000000;\">Le formulazioni sono <strong>dermatologicamente testate<\/strong> oltre ad essere testate sui metalli pesanti per ogni lotto di produzione.<\/span>[\/vc_column_text][vc_btn title=\u00bbI nostri distributori\u00bb style=\u00bboutline-custom\u00bb outline_custom_color=\u00bb#000000&#8243; outline_custom_hover_background=\u00bb#000000&#8243; outline_custom_hover_text=\u00bb#FFFFFF\u00bb size=\u00bbxs\u00bb align=\u00bbleft\u00bb css_animation=\u00bbfadeIn\u00bb css=\u00bb.vc_custom_1776184189354{border-bottom-width: 20px !important;padding-left: 50px !important;}\u00bb link=\u00bburl:https%3A%2F%2Flineatattoo.com%2Fit%2Fdistributori%2F|title:Distributori\u00bb el_class=\u00bbabs-bottom\u00bb][\/vc_column][\/vc_row]<\/p>\n<\/div>","protected":false},"excerpt":{"rendered":"<p>[vc_row full_width=\u00bbstretch_row_content_no_spaces\u00bb parallax=\u00bbcontent-moving-fade\u00bb parallax_image=\u00bb233&#8243;][vc_column css_animation=\u00bbfadeIn\u00bb css=\u00bb.vc_custom_1772552060623{padding-top: 50px !important;padding-right: 50px !important;padding-bottom: 50px !important;padding-left: 50px !important;}\u00bb][vc_column_text css_animation=\u00bbfadeInUp\u00bb css=\u00bb\u00bb]LINEA TATTOO[\/vc_column_text][vc_column_text css_animation=\u00bbfadeInUp\u00bb css=\u00bb\u00bb] Company [\/vc_column_text][\/vc_column][\/vc_row][vc_row full_width=\u00bbstretch_row_content\u00bb equal_height=\u00bbyes\u00bb content_placement=\u00bbmiddle\u00bb min_height=\u00bb300px\u00bb css=\u00bb.vc_custom_1772550362612{background-color: #1C1C1C !important;}\u00bb][vc_column width=\u00bb2\/3&#8243; el_class=\u00bbcol-abs-bottom\u00bb&hellip;<\/p>\n","protected":false},"author":1,"featured_media":0,"parent":0,"menu_order":0,"comment_status":"closed","ping_status":"closed","template":"","meta":{"_acf_changed":false,"inline_featured_image":false,"footnotes":""},"class_list":["post-514","page","type-page","status-publish","hentry"],"acf":[],"_links":{"self":[{"href":"https:\/\/lineatattoo.com\/it\/wp-json\/wp\/v2\/pages\/514","targetHints":{"allow":["GET"]}}],"collection":[{"href":"https:\/\/lineatattoo.com\/it\/wp-json\/wp\/v2\/pages"}],"about":[{"href":"https:\/\/lineatattoo.com\/it\/wp-json\/wp\/v2\/types\/page"}],"author":[{"embeddable":true,"href":"https:\/\/lineatattoo.com\/it\/wp-json\/wp\/v2\/users\/1"}],"replies":[{"embeddable":true,"href":"https:\/\/lineatattoo.com\/it\/wp-json\/wp\/v2\/comments?post=514"}],"version-history":[{"count":25,"href":"https:\/\/lineatattoo.com\/it\/wp-json\/wp\/v2\/pages\/514\/revisions"}],"predecessor-version":[{"id":1605,"href":"https:\/\/lineatattoo.com\/it\/wp-json\/wp\/v2\/pages\/514\/revisions\/1605"}],"wp:attachment":[{"href":"https:\/\/lineatattoo.com\/it\/wp-json\/wp\/v2\/media?parent=514"}],"curies":[{"name":"wp","href":"https:\/\/api.w.org\/{rel}","templated":true}]}}