{"id":29,"date":"2026-02-03T15:09:52","date_gmt":"2026-02-03T14:09:52","guid":{"rendered":"https:\/\/lineatattoo.com\/?page_id=29"},"modified":"2026-04-15T19:02:01","modified_gmt":"2026-04-15T17:02:01","slug":"home","status":"publish","type":"page","link":"https:\/\/lineatattoo.com\/it\/","title":{"rendered":"Home"},"content":{"rendered":"<div class=\"wpb-content-wrapper\"><p>[vc_row][vc_column]\n\t\t\t\t<p class=\"rs-p-wp-fix\"><\/p>\n\t\t\t\t<sr7-module data-alias=\"slider-1\" data-id=\"1\" id=\"SR7_1_1\" class=\"rs-ov-hidden\" data-version=\"6.7.40\">\n\t\t\t\t\t<sr7-adjuster><\/sr7-adjuster>\n\t\t\t\t\t<sr7-content>\n\t\t\t\t\t\t<sr7-slide id=\"SR7_1_1-1\" data-key=\"1\">\n\t\t\t\t\t\t<\/sr7-slide>\n\t\t\t\t\t\t<sr7-slide id=\"SR7_1_1-2\" data-key=\"2\">\n\t\t\t\t\t\t<\/sr7-slide>\n\t\t\t\t\t<\/sr7-content>\n\t\t\t\t<\/sr7-module>\n\t\t\t\t<script>\n\t\t\t\t\tSR7.PMH ??={}; SR7.PMH[\"SR7_1_1\"] = {cn:100,state:false,fn: function() { if (_tpt!==undefined && _tpt.prepareModuleHeight !== undefined) {  _tpt.prepareModuleHeight({id:\"SR7_1_1\",el:[650,650,768,960,720],type:'standard',shdw:'0',gh:[650,650,,,],gw:[1240,1240,1024,778,480],vpt:['-100px'],size:{fullWidth:true, fullHeight:false},mh:'0',onh:0,onw:0,bg:{color:'{\"orig\":\"transparent\",\"type\":\"solid\",\"string\":\"transparent\"}'}});   SR7.PMH[\"SR7_1_1\"].state=true;} else if(SR7.PMH[\"SR7_1_1\"].cn-->0)\tsetTimeout( SR7.PMH[\"SR7_1_1\"].fn,19);}};SR7.PMH[\"SR7_1_1\" ].fn();\n\t\t\t\t<\/script>\n[\/vc_column][\/vc_row][vc_row full_width=\u00bbstretch_row_content_no_spaces\u00bb equal_height=\u00bbyes\u00bb css=\u00bb.vc_custom_1770374088313{border-top-width: 1px !important;border-right-width: 1px !important;border-bottom-width: 1px !important;border-left-width: 1px !important;border-left-style: solid !important;border-right-style: solid !important;border-top-style: solid !important;border-bottom-style: solid !important;border-color: #000000 !important;}\u00bb el_class=\u00bbrow-eq-height\u00bb][vc_column width=\u00bb1\/4&#8243; css=\u00bb.vc_custom_1774263659333{padding-top: 50px !important;padding-right: 50px !important;padding-bottom: 70px !important;padding-left: 50px !important;}\u00bb el_class=\u00bbcol-abs-bottom\u00bb][vc_column_text css_animation=\u00bbfadeInUp\u00bb css=\u00bb\u00bb]<span style=\"font-family: lt; font-size: 10pt; letter-spacing: 1px;\">LINEA TATTOO<\/span>[\/vc_column_text][vc_column_text css_animation=\u00bbfadeInUp\u00bb css=\u00bb\u00bb]<\/p>\n<h1>I nostri<br \/>\nprodotti<\/h1>\n<p>[\/vc_column_text][vc_column_text css_animation=\u00bbfadeIn\u00bb css=\u00bb\u00bb]Linea Tattoo\u00ae \u00e8 un marchio di Olcelli Farmaceutici dedicato alla cura e al mantenimento delle pelli tatuate e dei piercing.[\/vc_column_text][vc_btn title=\u00bbI Prodotti\u00bb style=\u00bboutline-custom\u00bb outline_custom_color=\u00bb#000000&#8243; outline_custom_hover_background=\u00bb#000000&#8243; size=\u00bbxs\u00bb align=\u00bbleft\u00bb css_animation=\u00bbfadeIn\u00bb css=\u00bb.vc_custom_1776272369061{border-bottom-width: 20px !important;padding-left: 50px !important;}\u00bb link=\u00bburl:https%3A%2F%2Flineatattoo.com%2Fit%2Fprodotti%2F|title:Prodotti\u00bb el_class=\u00bbabs-bottom\u00bb][\/vc_column][vc_column width=\u00bb3\/4&#8243; css=\u00bb.vc_custom_1774263664287{border-left-width: 1px !important;border-left-style: solid !important;border-color: #000000 !important;}\u00bb][vc_raw_html]JTVCc3Bfd3BjYXJvdXNlbCUyMGlkJTNEJTIyNTAlMjIlNUQ=[\/vc_raw_html][\/vc_column][\/vc_row][vc_row full_width=\u00bbstretch_row_content\u00bb equal_height=\u00bbyes\u00bb min_height=\u00bb600px\u00bb][vc_column width=\u00bb1\/2&#8243; css=\u00bb.vc_custom_1770388735550{padding-top: 20px !important;padding-right: 20px !important;padding-bottom: 20px !important;padding-left: 20px !important;background-image: url(https:\/\/lineatattoo.com\/wp-content\/uploads\/2026\/02\/shutterstock_1794631393-scaled.jpg?id=276) !important;background-position: center !important;background-repeat: no-repeat !important;background-size: cover !important;}\u00bb][vc_empty_space height=\u00bb400px\u00bb][\/vc_column][vc_column width=\u00bb1\/2&#8243; el_class=\u00bbcol-abs-bottom col-link-wrap\u00bb css=\u00bb.vc_custom_1774601778371{padding-top: 50px !important;padding-right: 50px !important;padding-bottom: 70px !important;padding-left: 50px !important;background-color: #1C1C1C !important;}\u00bb][vc_column_text css_animation=\u00bbfadeInUp\u00bb css=\u00bb\u00bb]<span style=\"font-family: lt; font-size: 10pt; letter-spacing: 1px; color: #ffffff;\">LINEA TATTOO<\/span>[\/vc_column_text][vc_column_text css_animation=\u00bbfadeInUp\u00bb css=\u00bb\u00bb]<\/p>\n<h1><span style=\"color: #ffffff;\">La cura<\/span><br \/>\n<span style=\"color: #ffffff;\">del tatuaggio<\/span><\/h1>\n<p>[\/vc_column_text][vc_column_text css_animation=\u00bbfadeIn\u00bb css=\u00bb.vc_custom_1774601440941{padding-bottom: 30px !important;}\u00bb]<span style=\"color: #ffffff;\">Curare il tatuaggio appena eseguito \u00e8 un aspetto fondamentale per la buona riuscita del lavoro.<\/span><br \/>\n<span style=\"color: #ffffff;\">Seguendo pochi, piccoli e semplici accorgimenti di un esperto sarai in grado di farlo in totale autonomia.<\/span>[\/vc_column_text][vc_btn title=\u00bbMaggiori informazioni\u00bb style=\u00bboutline-custom\u00bb outline_custom_color=\u00bb#FFFFFF\u00bb outline_custom_hover_background=\u00bb#FFFFFF\u00bb outline_custom_hover_text=\u00bb#000000&#8243; size=\u00bbxs\u00bb align=\u00bbleft\u00bb css_animation=\u00bbfadeIn\u00bb css=\u00bb.vc_custom_1776272427536{border-bottom-width: 20px !important;padding-left: 50px !important;}\u00bb link=\u00bburl:https%3A%2F%2Flineatattoo.com%2Fit%2Fprodotti-tattoo%2F|title:Cura%20del%20Tatuaggio\u00bb el_class=\u00bbabs-bottom\u00bb][\/vc_column][\/vc_row][vc_row full_width=\u00bbstretch_row_content\u00bb equal_height=\u00bbyes\u00bb min_height=\u00bb650px\u00bb][vc_column width=\u00bb1\/2&#8243; el_class=\u00bbcol-abs-bottom col-link-wrap\u00bb css=\u00bb.vc_custom_1774601766390{padding-top: 50px !important;padding-right: 50px !important;padding-bottom: 70px !important;padding-left: 50px !important;background-color: #FFFFFF !important;}\u00bb][vc_column_text css_animation=\u00bbfadeInUp\u00bb css=\u00bb\u00bb]<span style=\"font-family: lt; font-size: 10pt; letter-spacing: 1px;\">LINEA TATTOO<\/span>[\/vc_column_text][vc_column_text css_animation=\u00bbfadeInUp\u00bb css=\u00bb\u00bb]<\/p>\n<h1>La Cura<br \/>\ndel piercing<\/h1>\n<p>[\/vc_column_text][vc_column_text css_animation=\u00bbfadeIn\u00bb css=\u00bb.vc_custom_1774601489455{padding-bottom: 30px !important;}\u00bb]Hai appena realizzato un piercing o hai intenzione di farne uno prossimamente ma non sai cosa fare per curarlo al meglio?<br \/>\nSegui i consigli di Bruno Valsecchi per Linea Tattoo: ti guider\u00e0 nella cura del tuo piercing in modo semplice ed efficace evitando spiacevoli complicanze.[\/vc_column_text][vc_btn title=\u00bbMaggiori informazioni\u00bb style=\u00bboutline-custom\u00bb outline_custom_color=\u00bb#000000&#8243; outline_custom_hover_background=\u00bb#000000&#8243; outline_custom_hover_text=\u00bb#FFFFFF\u00bb size=\u00bbxs\u00bb align=\u00bbleft\u00bb css_animation=\u00bbfadeIn\u00bb css=\u00bb.vc_custom_1776272082913{border-bottom-width: 20px !important;padding-left: 50px !important;}\u00bb link=\u00bburl:https%3A%2F%2Flineatattoo.com%2Fit%2Fprodotti-piercing%2F|title:Cura%20del%20Piercing\u00bb el_class=\u00bbabs-bottom\u00bb][\/vc_column][vc_column width=\u00bb1\/2&#8243; css=\u00bb.vc_custom_1770388090816{padding-top: 20px !important;padding-right: 20px !important;padding-bottom: 20px !important;padding-left: 20px !important;background-image: url(https:\/\/lineatattoo.com\/wp-content\/uploads\/2026\/02\/piercing-scaled.jpg?id=272) !important;background-position: center !important;background-repeat: no-repeat !important;background-size: cover !important;}\u00bb][vc_empty_space height=\u00bb400px\u00bb][\/vc_column][\/vc_row][vc_row full_width=\u00bbstretch_row_content\u00bb css=\u00bb.vc_custom_1774262139816{padding: 0px !important;}\u00bb][vc_column css=\u00bb.vc_custom_1774262268432{padding-top: 50px !important;padding-right: 50px !important;padding-bottom: 70px !important;padding-left: 50px !important;background-color: #1C1C1C !important;}\u00bb][vc_row_inner equal_height=\u00bbyes\u00bb content_placement=\u00bbtop\u00bb][vc_column_inner width=\u00bb1\/2&#8243; offset=\u00bbvc_col-xs-6&#8243;][vc_column_text css_animation=\u00bbfadeInUp\u00bb css=\u00bb\u00bb]<span style=\"font-family: lt; font-size: 10pt; letter-spacing: 1px; color: #ffffff;\">LINEA TATTOO<\/span>[\/vc_column_text][vc_column_text css_animation=\u00bbfadeInUp\u00bb css=\u00bb\u00bb]<\/p>\n<h1><span style=\"color: #ffffff;\">Pro<br \/>\nTeam<\/span><\/h1>\n<p>[\/vc_column_text][\/vc_column_inner][vc_column_inner width=\u00bb1\/2&#8243; offset=\u00bbvc_col-xs-6&#8243;][vc_column_text css=\u00bb\u00bb]<img loading=\"lazy\" decoding=\"async\" class=\"wp-image-505 alignright\" src=\"https:\/\/lineatattoo.com\/wp-content\/uploads\/2026\/03\/proteam-logo-w.svg\" alt=\"\" width=\"160\" height=\"160\">[\/vc_column_text][\/vc_column_inner][\/vc_row_inner][vc_raw_html css=\u00bb.vc_custom_1774283324477{padding-top: 60px !important;padding-bottom: 10px !important;}\u00bb]JTVCc3Bfd3BjYXJvdXNlbCUyMGlkJTNEJTIyNjg0JTIyJTVE[\/vc_raw_html][vc_column_text css_animation=\u00bbfadeIn\u00bb css=\u00bb.vc_custom_1774283530426{padding-top: 10px !important;padding-bottom: 60px !important;}\u00bb el_class=\u00bbtesto-3-colonne\u00bb]<span style=\"color: #ffffff;\">Il Pro Team di Linea Tattoo nasce dall\u2019incontro tra esperienza sul campo, ricerca continua e visione professionale del tatuaggio contemporaneo.<\/span><br \/>\n<span style=\"color: #ffffff;\">Non si tratta semplicemente di un gruppo di artisti, ma di una squadra selezionata di professionisti che condividono competenze, sensibilit\u00e0 tecnica e una profonda attenzione alla qualit\u00e0 del lavoro, dei materiali e dei risultati.<\/span><\/p>\n<p><span style=\"color: #ffffff;\">Ogni membro del Pro Team rappresenta un punto di riferimento nel proprio stile, nel proprio percorso e nel proprio modo di interpretare il mestiere del tatuatore. Proprio per questo, il team diventa una risorsa preziosa non solo in termini di immagine, ma anche come laboratorio attivo di confronto, test e sviluppo. Le esigenze reali degli artisti, l\u2019utilizzo quotidiano dei prodotti e il feedback diretto proveniente dagli studi professionali permettono a Linea Tattoo di mantenere uno standard elevato e di sviluppare soluzioni sempre pi\u00f9 efficaci, affidabili e in linea con le richieste del settore.<\/span>[\/vc_column_text][vc_btn title=\u00bbScopri il nostro Pro Team\u00bb style=\u00bboutline-custom\u00bb outline_custom_color=\u00bb#FFFFFF\u00bb outline_custom_hover_background=\u00bb#FFFFFF\u00bb outline_custom_hover_text=\u00bb#000000&#8243; size=\u00bbxs\u00bb align=\u00bbleft\u00bb css_animation=\u00bbfadeIn\u00bb css=\u00bb.vc_custom_1776272512644{border-bottom-width: 20px !important;}\u00bb link=\u00bburl:https%3A%2F%2Flineatattoo.com%2Fit%2Fpro-team%2F|title:Scopri%20il%20ProTeam\u00bb el_class=\u00bbabs-bottom\u00bb][\/vc_column][\/vc_row][vc_row full_width=\u00bbstretch_row_content_no_spaces\u00bb full_height=\u00bbyes\u00bb parallax=\u00bbcontent-moving-fade\u00bb parallax_image=\u00bb602&#8243;][vc_column css=\u00bb.vc_custom_1774620152359{padding-right: 50px !important;padding-left: 50px !important;background-color: #FFFFFF3D !important;}\u00bb][vc_row_inner][vc_column_inner width=\u00bb1\/4&#8243;][\/vc_column_inner][vc_column_inner width=\u00bb1\/2&#8243;][vc_column_text css_animation=\u00bbfadeInUp\u00bb css=\u00bb\u00bb]<\/p>\n<h1 style=\"text-align: center;\">Distributori<\/h1>\n<p>[\/vc_column_text][vc_empty_space height=\u00bb60px\u00bb][vc_column_text css_animation=\u00bbfadeIn\u00bb css=\u00bb\u00bb]<\/p>\n<p style=\"text-align: center;\"><strong>Linea Tattoo<\/strong> \u00e8 in continua espansione: stiamo costruendo una rete internazionale di rivenditori selezionati per garantire qualit\u00e0, assistenza e disponibilit\u00e0 costante dei prodotti. Se non trovi ancora un distributore nella tua zona, torna a trovarci: la mappa viene aggiornata regolarmente.<\/p>\n<p>[\/vc_column_text][vc_empty_space height=\u00bb60px\u00bb][vc_column_text css_animation=\u00bbfadeIn\u00bb css=\u00bb\u00bb]<\/p>\n<p style=\"text-align: center;\">Trova un distributore<br \/>\noppure candidati come partner e contribuisci alla crescita di <strong>Linea Tattoo<\/strong> nel mondo.[\/vc_column_text][\/vc_column_inner][vc_column_inner width=\u00bb1\/4&#8243;][\/vc_column_inner][\/vc_row_inner][vc_row_inner gap=\u00bb30&#8243;][vc_column_inner width=\u00bb1\/4&#8243;][\/vc_column_inner][vc_column_inner width=\u00bb1\/4&#8243;][vc_btn title=\u00bbDistributori\u00bb style=\u00bboutline-custom\u00bb outline_custom_color=\u00bb#000000&#8243; outline_custom_hover_background=\u00bb#000000&#8243; outline_custom_hover_text=\u00bb#FFFFFF\u00bb size=\u00bbxs\u00bb align=\u00bbcenter\u00bb css_animation=\u00bbfadeInUp\u00bb css=\u00bb.vc_custom_1776272237167{border-bottom-width: 20px !important;}\u00bb button_block=\u00bbtrue\u00bb link=\u00bburl:https%3A%2F%2Flineatattoo.com%2Fit%2Fdistributori%2F|title:Distributori\u00bb el_class=\u00bbabs-bottom\u00bb][\/vc_column_inner][vc_column_inner width=\u00bb1\/4&#8243;][vc_btn title=\u00bbVuoi diventare distributore?\u00bb style=\u00bboutline-custom\u00bb outline_custom_color=\u00bb#000000&#8243; outline_custom_hover_background=\u00bb#000000&#8243; outline_custom_hover_text=\u00bb#FFFFFF\u00bb size=\u00bbxs\u00bb align=\u00bbcenter\u00bb css_animation=\u00bbfadeInUp\u00bb css=\u00bb.vc_custom_1775028735455{border-bottom-width: 20px !important;}\u00bb button_block=\u00bbtrue\u00bb link=\u00bburl:https%3A%2F%2Flineatattoo.com%2Fit%2Fcandidatura%2F|title:Candidatura\u00bb el_class=\u00bbabs-bottom\u00bb][\/vc_column_inner][vc_column_inner width=\u00bb1\/4&#8243;][\/vc_column_inner][\/vc_row_inner][\/vc_column][\/vc_row][vc_row full_width=\u00bbstretch_row_content\u00bb equal_height=\u00bbyes\u00bb min_height=\u00bb600px\u00bb][vc_column width=\u00bb1\/2&#8243; el_class=\u00bbcol-abs-bottom\u00bb css=\u00bb.vc_custom_1770384667494{padding-top: 50px !important;padding-right: 50px !important;padding-bottom: 70px !important;padding-left: 50px !important;background-color: #FFFFFF !important;}\u00bb][vc_column_text css_animation=\u00bbfadeInUp\u00bb css=\u00bb\u00bb]<span style=\"font-family: lt; font-size: 10pt; letter-spacing: 1px; color: #000000;\">LINEA TATTOO<\/span>[\/vc_column_text][vc_column_text css_animation=\u00bbfadeInUp\u00bb css=\u00bb\u00bb]<\/p>\n<h1>Qualit\u00e0<br \/>\ngarantita<\/h1>\n<p>[\/vc_column_text][vc_column_text css_animation=\u00bbfadeIn\u00bb css=\u00bb.vc_custom_1772532819417{padding-bottom: 30px !important;}\u00bb]<span style=\"font-size: 12pt; color: #000000;\">Linea Tattoo\u00ae \u00e8 un marchio di Olcelli Farmaceutici dedicato alla cura e al mantenimento delle pelli tatuate e dei piercing.<\/span><br \/>\n<span style=\"font-size: 12pt; color: #000000;\">Tutti i prodotti sono ideati, testati e realizzati interamente in italia, seguendo le linee guida GMP (Good Manufacturing Practice), con un sistema di gestione qualit\u00e0 certificato UNI EN ISO 9001:2015.<\/span><br \/>\n<span style=\"font-size: 12pt; color: #000000;\">Le formulazioni sono <strong>dermatologicamente testate<\/strong> oltre ad essere testate sui metalli pesanti per ogni lotto di produzione.<\/span>[\/vc_column_text][vc_btn title=\u00bbMaggiori informazioni\u00bb style=\u00bboutline-custom\u00bb outline_custom_color=\u00bb#000000&#8243; outline_custom_hover_background=\u00bb#000000&#8243; outline_custom_hover_text=\u00bb#FFFFFF\u00bb size=\u00bbxs\u00bb align=\u00bbleft\u00bb css_animation=\u00bbfadeIn\u00bb css=\u00bb.vc_custom_1776272275910{border-bottom-width: 20px !important;padding-left: 50px !important;}\u00bb link=\u00bburl:https%3A%2F%2Flineatattoo.com%2Fit%2Fcompany%2F|title:Company\u00bb el_class=\u00bbabs-bottom\u00bb][\/vc_column][vc_column width=\u00bb1\/2&#8243; css=\u00bb.vc_custom_1770627863143{padding-top: 20px !important;padding-right: 20px !important;padding-bottom: 20px !important;padding-left: 20px !important;background-image: url(https:\/\/lineatattoo.com\/wp-content\/uploads\/2026\/02\/crema-pantenolo-pattern.png?id=201) !important;background-position: center !important;background-repeat: no-repeat !important;background-size: cover !important;}\u00bb][vc_empty_space height=\u00bb300px\u00bb][\/vc_column][\/vc_row]<\/p>\n<\/div>","protected":false},"excerpt":{"rendered":"<p>[vc_row][vc_column][\/vc_column][\/vc_row][vc_row full_width=\u00bbstretch_row_content_no_spaces\u00bb equal_height=\u00bbyes\u00bb css=\u00bb.vc_custom_1770374088313{border-top-width: 1px !important;border-right-width: 1px !important;border-bottom-width: 1px !important;border-left-width: 1px !important;border-left-style: solid !important;border-right-style: solid !important;border-top-style: solid !important;border-bottom-style: solid !important;border-color: #000000 !important;}\u00bb el_class=\u00bbrow-eq-height\u00bb][vc_column width=\u00bb1\/4&#8243; css=\u00bb.vc_custom_1774263659333{padding-top: 50px !important;padding-right: 50px !important;padding-bottom: 70px&hellip;<\/p>\n","protected":false},"author":1,"featured_media":0,"parent":0,"menu_order":0,"comment_status":"closed","ping_status":"closed","template":"","meta":{"_acf_changed":false,"inline_featured_image":false,"footnotes":""},"class_list":["post-29","page","type-page","status-publish","hentry"],"acf":[],"_links":{"self":[{"href":"https:\/\/lineatattoo.com\/it\/wp-json\/wp\/v2\/pages\/29","targetHints":{"allow":["GET"]}}],"collection":[{"href":"https:\/\/lineatattoo.com\/it\/wp-json\/wp\/v2\/pages"}],"about":[{"href":"https:\/\/lineatattoo.com\/it\/wp-json\/wp\/v2\/types\/page"}],"author":[{"embeddable":true,"href":"https:\/\/lineatattoo.com\/it\/wp-json\/wp\/v2\/users\/1"}],"replies":[{"embeddable":true,"href":"https:\/\/lineatattoo.com\/it\/wp-json\/wp\/v2\/comments?post=29"}],"version-history":[{"count":114,"href":"https:\/\/lineatattoo.com\/it\/wp-json\/wp\/v2\/pages\/29\/revisions"}],"predecessor-version":[{"id":1602,"href":"https:\/\/lineatattoo.com\/it\/wp-json\/wp\/v2\/pages\/29\/revisions\/1602"}],"wp:attachment":[{"href":"https:\/\/lineatattoo.com\/it\/wp-json\/wp\/v2\/media?parent=29"}],"curies":[{"name":"wp","href":"https:\/\/api.w.org\/{rel}","templated":true}]}}